{"id":1685,"date":"2023-07-20T10:23:02","date_gmt":"2023-07-20T13:23:02","guid":{"rendered":"https:\/\/molduraflex.com.br\/loja\/?post_type=product&#038;p=1685"},"modified":"2025-04-17T17:56:51","modified_gmt":"2025-04-17T20:56:51","slug":"rodape-milao-10cm-x-1cm-12-metros","status":"publish","type":"product","link":"https:\/\/molduraflex.com.br\/loja\/catalogo\/rodape-milao-10cm-x-1cm-12-metros\/","title":{"rendered":"Rodap\u00e9 Mil\u00e3o 10cm x 1cm 12 metros"},"content":{"rendered":"","protected":false},"excerpt":{"rendered":"<p>Rodap\u00e9 com Led EVA Autoadesivo 10cm x 1cm Mil\u00e3o 12 Metros<\/p>\n<p>Caracter\u00edsticas:<br \/>\n&#8211; Produto feito em EVA (borracha de alta densidade);<br \/>\n&#8211; Garantia de 5 anos**;<br \/>\n&#8211; Ecologicamente correto;<br \/>\n&#8211; Fita autoadesiva de alto desempenho;<br \/>\n&#8211; Pronto para instala\u00e7\u00e3o (basta retirar o papel protetor da fita adesiva e aplicar o produto);<br \/>\n&#8211; Altamente flex\u00edvel (acompanha imperfei\u00e7\u00f5es de paredes, colunas e vigas);<br \/>\n&#8211; Excelente para paredes curvas, \u00e2ngulos arredondados e quinas;<br \/>\n&#8211; Resistente a pragas (cupim) e mofo;<br \/>\n&#8211; F\u00e1cil limpeza, lav\u00e1vel; pode-se usar um pano com removedor para limpeza;<br \/>\n&#8211; Instala\u00e7\u00e3o r\u00e1pida e limpa;<br \/>\n&#8211; Pode ser usado em \u00e1reas internas, banheiros e externas;<br \/>\n&#8211; \u00c0 prova d&#8217;\u00e1gua, imperme\u00e1vel;<br \/>\n&#8211; Pode ser pintado na cor desejada; originalmente na cor branca (compat\u00edvel com qualquer tipo de tinta);<br \/>\n&#8211; Proporciona um acabamento perfeito entre o piso e a parede, podendo ser finalizado com argamassa para melhor acabamento;<br \/>\n&#8211; Ideal para hospitais, cl\u00ednicas m\u00e9dicas e odontol\u00f3gicas, centros est\u00e9ticos, entre outros ambientes de sa\u00fade; tamb\u00e9m ideal para creches e escolas;<br \/>\n&#8211; Pode ser utilizado como molduras para portas, espelhos, janelas e outras aplica\u00e7\u00f5es conforme sua criatividade!<\/p>\n","protected":false},"featured_media":995,"template":"","meta":[],"product_cat":[50],"product_tag":[],"_links":{"self":[{"href":"https:\/\/molduraflex.com.br\/loja\/wp-json\/wp\/v2\/product\/1685"}],"collection":[{"href":"https:\/\/molduraflex.com.br\/loja\/wp-json\/wp\/v2\/product"}],"about":[{"href":"https:\/\/molduraflex.com.br\/loja\/wp-json\/wp\/v2\/types\/product"}],"wp:featuredmedia":[{"embeddable":true,"href":"https:\/\/molduraflex.com.br\/loja\/wp-json\/wp\/v2\/media\/995"}],"wp:attachment":[{"href":"https:\/\/molduraflex.com.br\/loja\/wp-json\/wp\/v2\/media?parent=1685"}],"wp:term":[{"taxonomy":"product_cat","embeddable":true,"href":"https:\/\/molduraflex.com.br\/loja\/wp-json\/wp\/v2\/product_cat?post=1685"},{"taxonomy":"product_tag","embeddable":true,"href":"https:\/\/molduraflex.com.br\/loja\/wp-json\/wp\/v2\/product_tag?post=1685"}],"curies":[{"name":"wp","href":"https:\/\/api.w.org\/{rel}","templated":true}]}}