{"id":1275,"date":"2021-12-21T16:59:12","date_gmt":"2021-12-21T19:59:12","guid":{"rendered":"https:\/\/molduraflex.com.br\/loja\/?post_type=product&#038;p=1275"},"modified":"2025-04-17T17:54:11","modified_gmt":"2025-04-17T20:54:11","slug":"moldura-lucca-7cm-x-1cm","status":"publish","type":"product","link":"https:\/\/molduraflex.com.br\/loja\/catalogo\/moldura-lucca-7cm-x-1cm\/","title":{"rendered":"Moldura Lucca 7cm x 1cm"},"content":{"rendered":"<div class=\"wpb-content-wrapper\"><p>[vc_row content_placement=&#8221;top&#8221;][vc_column][vc_column_text]Moldura E.V.A linha LUCCA 7cm x 1cm branco[\/vc_column_text][\/vc_column][\/vc_row]<\/p>\n<\/div>","protected":false},"excerpt":{"rendered":"<p>Moldura E.V.A linha LUCCA 7cm x 1cm branco<\/p>\n<p>Caracter\u00edsticas:<br \/>\n&#8211; Produto feito em EVA (borracha de alta densidade);<br \/>\n&#8211; Garantia de 5 anos**;<br \/>\n&#8211; Ecologicamente correto;<br \/>\n&#8211; Fita autoadesiva de alto desempenho;<br \/>\n&#8211; Pronto para instala\u00e7\u00e3o (basta retirar o papel protetor da fita adesiva e aplicar o produto);<br \/>\n&#8211; Altamente flex\u00edvel (acompanha imperfei\u00e7\u00f5es de paredes, colunas e vigas);<br \/>\n&#8211; Excelente para paredes curvas, \u00e2ngulos arredondados e quinas;<br \/>\n&#8211; Resistente a pragas (cupim) e mofo;<br \/>\n&#8211; F\u00e1cil limpeza, lav\u00e1vel; pode-se usar um pano com removedor para limpeza;<br \/>\n&#8211; Instala\u00e7\u00e3o r\u00e1pida e limpa;<br \/>\n&#8211; Pode ser usado em \u00e1reas internas, banheiros e externas;<br \/>\n&#8211; \u00c0 prova d&#8217;\u00e1gua, imperme\u00e1vel;<br \/>\n&#8211; Pode ser pintado na cor desejada; originalmente na cor branca (compat\u00edvel com qualquer tipo de tinta);<br \/>\n&#8211; Proporciona um acabamento perfeito entre o piso e a parede, podendo ser finalizado com argamassa para melhor acabamento;<br \/>\n&#8211; Ideal para hospitais, cl\u00ednicas m\u00e9dicas e odontol\u00f3gicas, centros est\u00e9ticos, entre outros ambientes de sa\u00fade; tamb\u00e9m ideal para creches e escolas;<br \/>\n&#8211; Pode ser utilizado como molduras para portas, espelhos, janelas e outras aplica\u00e7\u00f5es conforme sua criatividade!<\/p>\n","protected":false},"featured_media":1334,"template":"","meta":[],"product_cat":[54,53],"product_tag":[],"_links":{"self":[{"href":"https:\/\/molduraflex.com.br\/loja\/wp-json\/wp\/v2\/product\/1275"}],"collection":[{"href":"https:\/\/molduraflex.com.br\/loja\/wp-json\/wp\/v2\/product"}],"about":[{"href":"https:\/\/molduraflex.com.br\/loja\/wp-json\/wp\/v2\/types\/product"}],"wp:featuredmedia":[{"embeddable":true,"href":"https:\/\/molduraflex.com.br\/loja\/wp-json\/wp\/v2\/media\/1334"}],"wp:attachment":[{"href":"https:\/\/molduraflex.com.br\/loja\/wp-json\/wp\/v2\/media?parent=1275"}],"wp:term":[{"taxonomy":"product_cat","embeddable":true,"href":"https:\/\/molduraflex.com.br\/loja\/wp-json\/wp\/v2\/product_cat?post=1275"},{"taxonomy":"product_tag","embeddable":true,"href":"https:\/\/molduraflex.com.br\/loja\/wp-json\/wp\/v2\/product_tag?post=1275"}],"curies":[{"name":"wp","href":"https:\/\/api.w.org\/{rel}","templated":true}]}}